{"id":5020,"date":"2018-02-08T18:51:55","date_gmt":"2018-02-08T17:51:55","guid":{"rendered":"https:\/\/bourdonne.de\/agentur\/"},"modified":"2020-02-16T16:25:59","modified_gmt":"2020-02-16T15:25:59","slug":"agency","status":"publish","type":"page","link":"https:\/\/bourdonne.de\/en\/agency\/","title":{"rendered":"Agency"},"content":{"rendered":"<p>Dies ist eine Beispiel-Seite. Sie unterscheidet sich von Beitr\u00e4gen, da sie stets an der selben Stelle bleibt und (bei den meisten Themes) in der Navigation angezeigt wird. Die meisten Leute starten mit einem Impressum oder einer \u201e\u00dcber uns\u201c-Seite mit einer Vorstellung f\u00fcr m\u00f6gliche Besucher der Website. Dort k\u00f6nnte zum Beispiel stehen:<\/p>\n<blockquote><p>Hallo! Tags\u00fcber arbeite ich als Fahrradkurier, nachts bin ich ein aufstrebender Schauspieler und dies hier ist meine Website. Ich lebe in Berlin, habe einen gro\u00dfen Hund namens Jack, mag Pi\u00f1a Coladas, jedoch weniger (ohne Schirm) im Regen stehen gelassen zu werden.<\/p><\/blockquote>\n<p>&#8230;oder sowas wie:<\/p>\n<blockquote><p>Unsere Firma XYZ wurde 1971 gegr\u00fcndet und hat seither eine Menge hochqualitativen ABC f\u00fcr die \u00d6ffentlichkeit produziert. Ans\u00e4ssig in Gotham City, hat XYZ mittlerweile \u00fcber 2,000 Mitarbeiter und entwickelt immer wieder gro\u00dfartige Dinge f\u00fcr die ganze Gotham Gemeinschaft.<\/p><\/blockquote>\n<p>Als neuer WordPress-Nutzer solltest du das <a href=\"https:\/\/bourdonne.de\/wp-admin\/\">Dashboard<\/a> aufrufen, um diese Seite zu l\u00f6schen und statt dessen eine neue Seite mit deinen eigenen Inhalten erstellen. Viel Spa\u00df!<\/p>\n","protected":false},"excerpt":{"rendered":"<p>Dies ist eine Beispiel-Seite. Sie unterscheidet sich von Beitr\u00e4gen, da sie stets an der selben Stelle bleibt und (bei den meisten Themes) in der Navigation angezeigt wird. Die meisten Leute starten mit einem Impressum oder einer \u201e\u00dcber uns\u201c-Seite mit einer Vorstellung f\u00fcr m\u00f6gliche Besucher der Website. Dort k\u00f6nnte zum Beispiel stehen: Hallo! Tags\u00fcber arbeite ich [&hellip;]<\/p>\n","protected":false},"author":4,"featured_media":0,"parent":0,"menu_order":1,"comment_status":"closed","ping_status":"closed","template":"","meta":[],"yoast_head":"<!-- This site is optimized with the Yoast SEO plugin v17.1 - https:\/\/yoast.com\/wordpress\/plugins\/seo\/ -->\n<meta name=\"description\" content=\"Design is everywhere, influencing our decisions both consciously and unconsciously. As a design agency \u2013 people who work on and with design every day, we feel this effect more keenly \u2013 we make decisions based on a well-designed appearance. This fascinates us, which is why design is our language.\" \/>\n<meta name=\"robots\" content=\"index, follow, max-snippet:-1, max-image-preview:large, max-video-preview:-1\" \/>\n<link rel=\"canonical\" href=\"https:\/\/bourdonne.de\/en\/agency\/\" \/>\n<meta property=\"og:locale\" content=\"en_US\" \/>\n<meta property=\"og:type\" content=\"article\" \/>\n<meta property=\"og:title\" content=\"Agency &ndash; Bourdonn\u00e9 Design\" \/>\n<meta property=\"og:description\" content=\"Design is everywhere, influencing our decisions both consciously and unconsciously. As a design agency \u2013 people who work on and with design every day, we feel this effect more keenly \u2013 we make decisions based on a well-designed appearance. This fascinates us, which is why design is our language.\" \/>\n<meta property=\"og:url\" content=\"https:\/\/bourdonne.de\/en\/agency\/\" \/>\n<meta property=\"og:site_name\" content=\"Bourdonn\u00e9 Design\" \/>\n<meta property=\"article:modified_time\" content=\"2020-02-16T15:25:59+00:00\" \/>\n<meta name=\"twitter:card\" content=\"summary_large_image\" \/>\n<meta name=\"twitter:label1\" content=\"Est. reading time\" \/>\n\t<meta name=\"twitter:data1\" content=\"1 minute\" \/>\n<script type=\"application\/ld+json\" class=\"yoast-schema-graph\">{\"@context\":\"https:\/\/schema.org\",\"@graph\":[{\"@type\":\"Organization\",\"@id\":\"https:\/\/bourdonne.de\/de\/#organization\",\"name\":\"BOURDONN\\u00c9 DESIGN GmbH\",\"url\":\"https:\/\/bourdonne.de\/de\/\",\"sameAs\":[],\"logo\":{\"@type\":\"ImageObject\",\"@id\":\"https:\/\/bourdonne.de\/de\/#logo\",\"inLanguage\":\"en-US\",\"url\":\"https:\/\/bourdonne.de\/wp-content\/uploads\/bourdonne_h_favicon.png\",\"contentUrl\":\"https:\/\/bourdonne.de\/wp-content\/uploads\/bourdonne_h_favicon.png\",\"width\":1000,\"height\":1000,\"caption\":\"BOURDONN\\u00c9 DESIGN GmbH\"},\"image\":{\"@id\":\"https:\/\/bourdonne.de\/de\/#logo\"}},{\"@type\":\"WebSite\",\"@id\":\"https:\/\/bourdonne.de\/de\/#website\",\"url\":\"https:\/\/bourdonne.de\/de\/\",\"name\":\"Bourdonn\\u00e9 Design\",\"description\":\"\",\"publisher\":{\"@id\":\"https:\/\/bourdonne.de\/de\/#organization\"},\"potentialAction\":[{\"@type\":\"SearchAction\",\"target\":{\"@type\":\"EntryPoint\",\"urlTemplate\":\"https:\/\/bourdonne.de\/de\/?s={search_term_string}\"},\"query-input\":\"required name=search_term_string\"}],\"inLanguage\":\"en-US\"},{\"@type\":\"WebPage\",\"@id\":\"https:\/\/bourdonne.de\/en\/agency\/#webpage\",\"url\":\"https:\/\/bourdonne.de\/en\/agency\/\",\"name\":\"Agency &ndash; Bourdonn\\u00e9 Design\",\"isPartOf\":{\"@id\":\"https:\/\/bourdonne.de\/de\/#website\"},\"datePublished\":\"2018-02-08T17:51:55+00:00\",\"dateModified\":\"2020-02-16T15:25:59+00:00\",\"description\":\"Design is everywhere, influencing our decisions both consciously and unconsciously. As a design agency \\u2013 people who work on and with design every day, we feel this effect more keenly \\u2013 we make decisions based on a well-designed appearance. This fascinates us, which is why design is our language.\",\"breadcrumb\":{\"@id\":\"https:\/\/bourdonne.de\/en\/agency\/#breadcrumb\"},\"inLanguage\":\"en-US\",\"potentialAction\":[{\"@type\":\"ReadAction\",\"target\":[\"https:\/\/bourdonne.de\/en\/agency\/\"]}]},{\"@type\":\"BreadcrumbList\",\"@id\":\"https:\/\/bourdonne.de\/en\/agency\/#breadcrumb\",\"itemListElement\":[{\"@type\":\"ListItem\",\"position\":1,\"name\":\"Startseite\",\"item\":\"https:\/\/bourdonne.de\/en\/\"},{\"@type\":\"ListItem\",\"position\":2,\"name\":\"Agency\"}]}]}<\/script>\n<!-- \/ Yoast SEO plugin. -->","yoast_head_json":{"description":"Design is everywhere, influencing our decisions both consciously and unconsciously. As a design agency \u2013 people who work on and with design every day, we feel this effect more keenly \u2013 we make decisions based on a well-designed appearance. This fascinates us, which is why design is our language.","robots":{"index":"index","follow":"follow","max-snippet":"max-snippet:-1","max-image-preview":"max-image-preview:large","max-video-preview":"max-video-preview:-1"},"canonical":"https:\/\/bourdonne.de\/en\/agency\/","og_locale":"en_US","og_type":"article","og_title":"Agency &ndash; Bourdonn\u00e9 Design","og_description":"Design is everywhere, influencing our decisions both consciously and unconsciously. As a design agency \u2013 people who work on and with design every day, we feel this effect more keenly \u2013 we make decisions based on a well-designed appearance. This fascinates us, which is why design is our language.","og_url":"https:\/\/bourdonne.de\/en\/agency\/","og_site_name":"Bourdonn\u00e9 Design","article_modified_time":"2020-02-16T15:25:59+00:00","twitter_card":"summary_large_image","twitter_misc":{"Est. reading time":"1 minute"},"schema":{"@context":"https:\/\/schema.org","@graph":[{"@type":"Organization","@id":"https:\/\/bourdonne.de\/de\/#organization","name":"BOURDONN\u00c9 DESIGN GmbH","url":"https:\/\/bourdonne.de\/de\/","sameAs":[],"logo":{"@type":"ImageObject","@id":"https:\/\/bourdonne.de\/de\/#logo","inLanguage":"en-US","url":"https:\/\/bourdonne.de\/wp-content\/uploads\/bourdonne_h_favicon.png","contentUrl":"https:\/\/bourdonne.de\/wp-content\/uploads\/bourdonne_h_favicon.png","width":1000,"height":1000,"caption":"BOURDONN\u00c9 DESIGN GmbH"},"image":{"@id":"https:\/\/bourdonne.de\/de\/#logo"}},{"@type":"WebSite","@id":"https:\/\/bourdonne.de\/de\/#website","url":"https:\/\/bourdonne.de\/de\/","name":"Bourdonn\u00e9 Design","description":"","publisher":{"@id":"https:\/\/bourdonne.de\/de\/#organization"},"potentialAction":[{"@type":"SearchAction","target":{"@type":"EntryPoint","urlTemplate":"https:\/\/bourdonne.de\/de\/?s={search_term_string}"},"query-input":"required name=search_term_string"}],"inLanguage":"en-US"},{"@type":"WebPage","@id":"https:\/\/bourdonne.de\/en\/agency\/#webpage","url":"https:\/\/bourdonne.de\/en\/agency\/","name":"Agency &ndash; Bourdonn\u00e9 Design","isPartOf":{"@id":"https:\/\/bourdonne.de\/de\/#website"},"datePublished":"2018-02-08T17:51:55+00:00","dateModified":"2020-02-16T15:25:59+00:00","description":"Design is everywhere, influencing our decisions both consciously and unconsciously. As a design agency \u2013 people who work on and with design every day, we feel this effect more keenly \u2013 we make decisions based on a well-designed appearance. This fascinates us, which is why design is our language.","breadcrumb":{"@id":"https:\/\/bourdonne.de\/en\/agency\/#breadcrumb"},"inLanguage":"en-US","potentialAction":[{"@type":"ReadAction","target":["https:\/\/bourdonne.de\/en\/agency\/"]}]},{"@type":"BreadcrumbList","@id":"https:\/\/bourdonne.de\/en\/agency\/#breadcrumb","itemListElement":[{"@type":"ListItem","position":1,"name":"Startseite","item":"https:\/\/bourdonne.de\/en\/"},{"@type":"ListItem","position":2,"name":"Agency"}]}]}},"_links":{"self":[{"href":"https:\/\/bourdonne.de\/en\/wp-json\/wp\/v2\/pages\/5020"}],"collection":[{"href":"https:\/\/bourdonne.de\/en\/wp-json\/wp\/v2\/pages"}],"about":[{"href":"https:\/\/bourdonne.de\/en\/wp-json\/wp\/v2\/types\/page"}],"author":[{"embeddable":true,"href":"https:\/\/bourdonne.de\/en\/wp-json\/wp\/v2\/users\/4"}],"replies":[{"embeddable":true,"href":"https:\/\/bourdonne.de\/en\/wp-json\/wp\/v2\/comments?post=5020"}],"version-history":[{"count":18,"href":"https:\/\/bourdonne.de\/en\/wp-json\/wp\/v2\/pages\/5020\/revisions"}],"predecessor-version":[{"id":5998,"href":"https:\/\/bourdonne.de\/en\/wp-json\/wp\/v2\/pages\/5020\/revisions\/5998"}],"wp:attachment":[{"href":"https:\/\/bourdonne.de\/en\/wp-json\/wp\/v2\/media?parent=5020"}],"curies":[{"name":"wp","href":"https:\/\/api.w.org\/{rel}","templated":true}]}}